{"id":806,"date":"2022-06-23T14:19:17","date_gmt":"2022-06-23T17:19:17","guid":{"rendered":"https:\/\/latinoamericanoperitoneal.santacasa.org.br\/?page_id=806"},"modified":"2022-09-05T18:46:13","modified_gmt":"2022-09-05T21:46:13","slug":"subscribe-form","status":"publish","type":"page","link":"https:\/\/latinoamericanoperitoneal.santacasa.org.br\/en\/subscribe-form\/","title":{"rendered":"Subscribe Form"},"content":{"rendered":"<div data-elementor-type=\"wp-page\" data-elementor-id=\"806\" class=\"elementor elementor-806\">\n\t\t\t\t\t\t<section class=\"elementor-section elementor-top-section elementor-element elementor-element-395563f elementor-section-boxed elementor-section-height-default elementor-section-height-default\" data-id=\"395563f\" data-element_type=\"section\" data-e-type=\"section\">\n\t\t\t\t\t\t<div class=\"elementor-container elementor-column-gap-default\">\n\t\t\t\t\t<div class=\"elementor-column elementor-col-100 elementor-top-column elementor-element elementor-element-fcfbe9d\" data-id=\"fcfbe9d\" data-element_type=\"column\" data-e-type=\"column\">\n\t\t\t<div class=\"elementor-widget-wrap elementor-element-populated\">\n\t\t\t\t\t\t<div class=\"elementor-element elementor-element-99be394 elementor-widget elementor-widget-spacer\" data-id=\"99be394\" data-element_type=\"widget\" data-e-type=\"widget\" data-widget_type=\"spacer.default\">\n\t\t\t\t<div class=\"elementor-widget-container\">\n\t\t\t\t\t\t\t<div class=\"elementor-spacer\">\n\t\t\t<div class=\"elementor-spacer-inner\"><\/div>\n\t\t<\/div>\n\t\t\t\t\t\t<\/div>\n\t\t\t\t<\/div>\n\t\t\t\t<div class=\"elementor-element elementor-element-56927f4 elementor-widget elementor-widget-text-editor\" data-id=\"56927f4\" data-element_type=\"widget\" data-e-type=\"widget\" data-widget_type=\"text-editor.default\">\n\t\t\t\t<div class=\"elementor-widget-container\">\n\t\t\t\t\t\t\t\t\t<h3><span style=\"color: #000000;\"><strong>Instructions for registration<\/strong><\/span><\/h3><ul><li>The deadline for generating slips is 10\/27; after this date payment will only be accepted by debit\/credit card or bank transfer.<\/li><li>The system will automatically detect your payment and you will receive a confirmation email.<\/li><li>On the day of the event, proof of your category must be presented.<\/li><\/ul><p><span style=\"color: #000000;\"><strong>The event has 3 types of registration:<\/strong><\/span><\/p><ol><li style=\"list-style-type: none;\"><ol><li>In-person event for the main auditorium, where the main lectures will take place.<\/li><li>In-person event for the secondary room, where lectures by supporting societies, the Women's League to Fight Cancer and Latin Americans will take place.<\/li><li>Online event for the secondary room only.<\/li><\/ol><\/li><\/ol><div><p>Any questions or difficulties, please contact us by email. <strong><a href=\"mailto:eventos@santacasa.org.br\" target=\"_blank\" rel=\"noopener\">eventos@santacasa.org.<wbr \/>br<\/a><\/strong> or by phone <strong>+55 51 3214-8385.<\/strong><\/p><p><span style=\"letter-spacing: 0px;\">The event will take place at CHC- Centro Hist\u00f3rico-Cultural Santa Casa, Av. Independencia, 75.<\/span><\/p><\/div>\t\t\t\t\t\t\t\t<\/div>\n\t\t\t\t<\/div>\n\t\t\t\t\t<\/div>\n\t\t<\/div>\n\t\t\t\t\t<\/div>\n\t\t<\/section>\n\t\t\t\t<section class=\"elementor-section elementor-top-section elementor-element elementor-element-336f1d1 elementor-section-boxed elementor-section-height-default elementor-section-height-default\" data-id=\"336f1d1\" data-element_type=\"section\" data-e-type=\"section\">\n\t\t\t\t\t\t<div class=\"elementor-container elementor-column-gap-default\">\n\t\t\t\t\t<div class=\"elementor-column elementor-col-100 elementor-top-column elementor-element elementor-element-23cf820\" data-id=\"23cf820\" data-element_type=\"column\" data-e-type=\"column\">\n\t\t\t<div class=\"elementor-widget-wrap elementor-element-populated\">\n\t\t\t\t\t\t<div class=\"elementor-element elementor-element-9cf9631 elementor-widget elementor-widget-spacer\" data-id=\"9cf9631\" data-element_type=\"widget\" data-e-type=\"widget\" data-widget_type=\"spacer.default\">\n\t\t\t\t<div class=\"elementor-widget-container\">\n\t\t\t\t\t\t\t<div class=\"elementor-spacer\">\n\t\t\t<div class=\"elementor-spacer-inner\"><\/div>\n\t\t<\/div>\n\t\t\t\t\t\t<\/div>\n\t\t\t\t<\/div>\n\t\t\t\t\t<\/div>\n\t\t<\/div>\n\t\t\t\t\t<\/div>\n\t\t<\/section>\n\t\t\t\t<section class=\"elementor-section elementor-top-section elementor-element elementor-element-e069014 elementor-section-boxed elementor-section-height-default elementor-section-height-default\" data-id=\"e069014\" data-element_type=\"section\" data-e-type=\"section\">\n\t\t\t\t\t\t<div class=\"elementor-container elementor-column-gap-default\">\n\t\t\t\t\t<div class=\"elementor-column elementor-col-100 elementor-top-column elementor-element elementor-element-262fb77\" data-id=\"262fb77\" data-element_type=\"column\" data-e-type=\"column\">\n\t\t\t<div class=\"elementor-widget-wrap elementor-element-populated\">\n\t\t\t\t\t\t<div class=\"elementor-element elementor-element-ad48dd1 elementor-button-warning elementor-align-center elementor-widget elementor-widget-button\" data-id=\"ad48dd1\" data-element_type=\"widget\" data-e-type=\"widget\" data-widget_type=\"button.default\">\n\t\t\t\t<div class=\"elementor-widget-container\">\n\t\t\t\t\t\t\t\t\t<div class=\"elementor-button-wrapper\">\n\t\t\t\t\t<a class=\"elementor-button elementor-button-link elementor-size-xl\" href=\"https:\/\/precongresso3congres.eventize.com.br\/inscricao\/?language=en\" target=\"_blank\">\n\t\t\t\t\t\t<span class=\"elementor-button-content-wrapper\">\n\t\t\t\t\t\t\t\t\t<span class=\"elementor-button-text\">Click here to register to pre-congress<\/span>\n\t\t\t\t\t<\/span>\n\t\t\t\t\t<\/a>\n\t\t\t\t<\/div>\n\t\t\t\t\t\t\t\t<\/div>\n\t\t\t\t<\/div>\n\t\t\t\t<div class=\"elementor-element elementor-element-1d555ff elementor-button-warning elementor-align-center elementor-widget elementor-widget-button\" data-id=\"1d555ff\" data-element_type=\"widget\" data-e-type=\"widget\" data-widget_type=\"button.default\">\n\t\t\t\t<div class=\"elementor-widget-container\">\n\t\t\t\t\t\t\t\t\t<div class=\"elementor-button-wrapper\">\n\t\t\t\t\t<a class=\"elementor-button elementor-button-link elementor-size-xl\" href=\"https:\/\/3congressolatinoamer.eventize.com.br\/inscricao.php?language=en\">\n\t\t\t\t\t\t<span class=\"elementor-button-content-wrapper\">\n\t\t\t\t\t\t\t\t\t<span class=\"elementor-button-text\">Click here to register<\/span>\n\t\t\t\t\t<\/span>\n\t\t\t\t\t<\/a>\n\t\t\t\t<\/div>\n\t\t\t\t\t\t\t\t<\/div>\n\t\t\t\t<\/div>\n\t\t\t\t\t<\/div>\n\t\t<\/div>\n\t\t\t\t\t<\/div>\n\t\t<\/section>\n\t\t\t\t<section class=\"elementor-section elementor-top-section elementor-element elementor-element-1cfebc1 elementor-section-boxed elementor-section-height-default elementor-section-height-default\" data-id=\"1cfebc1\" data-element_type=\"section\" data-e-type=\"section\">\n\t\t\t\t\t\t<div class=\"elementor-container elementor-column-gap-default\">\n\t\t\t\t\t<div class=\"elementor-column elementor-col-100 elementor-top-column elementor-element elementor-element-defcfbe\" data-id=\"defcfbe\" data-element_type=\"column\" data-e-type=\"column\">\n\t\t\t<div class=\"elementor-widget-wrap elementor-element-populated\">\n\t\t\t\t\t\t<div class=\"elementor-element elementor-element-8802f9d elementor-button-warning elementor-align-center elementor-widget elementor-widget-button\" data-id=\"8802f9d\" data-element_type=\"widget\" data-e-type=\"widget\" data-widget_type=\"button.default\">\n\t\t\t\t<div class=\"elementor-widget-container\">\n\t\t\t\t\t\t\t\t\t<div class=\"elementor-button-wrapper\">\n\t\t\t\t\t<a class=\"elementor-button elementor-button-link elementor-size-xl\" href=\"https:\/\/jantardocongresso.eventize.com.br\/inscricao.php?language=en\">\n\t\t\t\t\t\t<span class=\"elementor-button-content-wrapper\">\n\t\t\t\t\t\t\t\t\t<span class=\"elementor-button-text\">Click here to buy dinner<\/span>\n\t\t\t\t\t<\/span>\n\t\t\t\t\t<\/a>\n\t\t\t\t<\/div>\n\t\t\t\t\t\t\t\t<\/div>\n\t\t\t\t<\/div>\n\t\t\t\t\t<\/div>\n\t\t<\/div>\n\t\t\t\t\t<\/div>\n\t\t<\/section>\n\t\t\t\t<section class=\"elementor-section elementor-top-section elementor-element elementor-element-6a532c7 elementor-section-boxed elementor-section-height-default elementor-section-height-default\" data-id=\"6a532c7\" data-element_type=\"section\" data-e-type=\"section\">\n\t\t\t\t\t\t<div class=\"elementor-container elementor-column-gap-default\">\n\t\t\t\t\t<div class=\"elementor-column elementor-col-100 elementor-top-column elementor-element elementor-element-e4b02e8\" data-id=\"e4b02e8\" data-element_type=\"column\" data-e-type=\"column\">\n\t\t\t<div class=\"elementor-widget-wrap elementor-element-populated\">\n\t\t\t\t\t\t<div class=\"elementor-element elementor-element-8e20280 elementor-widget elementor-widget-spacer\" data-id=\"8e20280\" data-element_type=\"widget\" data-e-type=\"widget\" data-widget_type=\"spacer.default\">\n\t\t\t\t<div class=\"elementor-widget-container\">\n\t\t\t\t\t\t\t<div class=\"elementor-spacer\">\n\t\t\t<div class=\"elementor-spacer-inner\"><\/div>\n\t\t<\/div>\n\t\t\t\t\t\t<\/div>\n\t\t\t\t<\/div>\n\t\t\t\t\t<\/div>\n\t\t<\/div>\n\t\t\t\t\t<\/div>\n\t\t<\/section>\n\t\t\t\t<section class=\"elementor-section elementor-top-section elementor-element elementor-element-d4b0447 elementor-section-boxed elementor-section-height-default elementor-section-height-default\" data-id=\"d4b0447\" data-element_type=\"section\" data-e-type=\"section\">\n\t\t\t\t\t\t<div class=\"elementor-container elementor-column-gap-default\">\n\t\t\t\t\t<div class=\"elementor-column elementor-col-100 elementor-top-column elementor-element elementor-element-19f5769\" data-id=\"19f5769\" data-element_type=\"column\" data-e-type=\"column\">\n\t\t\t<div class=\"elementor-widget-wrap elementor-element-populated\">\n\t\t\t\t\t\t<div class=\"elementor-element elementor-element-41fb6a5 elementor-widget elementor-widget-image\" data-id=\"41fb6a5\" data-element_type=\"widget\" data-e-type=\"widget\" data-widget_type=\"image.default\">\n\t\t\t\t<div class=\"elementor-widget-container\">\n\t\t\t\t\t\t\t\t\t\t\t\t\t\t\t\t<a href=\"https:\/\/latinoamericanoperitoneal.santacasa.org.br\/wp-content\/uploads\/2022\/09\/VALORES-DE-INSCRICAO-INGLES-ATUAL.jpg\" data-elementor-open-lightbox=\"yes\" data-elementor-lightbox-title=\"VALORES DE INSCRI\u00c7\u00c3O PORTUGUES 05092022\" data-e-action-hash=\"#elementor-action%3Aaction%3Dlightbox%26settings%3DeyJpZCI6MTUwNCwidXJsIjoiaHR0cHM6XC9cL2xhdGlub2FtZXJpY2Fub3Blcml0b25lYWwuc2FudGFjYXNhLm9yZy5iclwvd3AtY29udGVudFwvdXBsb2Fkc1wvMjAyMlwvMDlcL1ZBTE9SRVMtREUtSU5TQ1JJQ0FPLVBPUlRVR1VFUy0wNTA5MjAyMi0xLnBuZyJ9\">\n\t\t\t\t\t\t\t<img fetchpriority=\"high\" decoding=\"async\" width=\"416\" height=\"550\" src=\"https:\/\/latinoamericanoperitoneal.santacasa.org.br\/wp-content\/uploads\/2022\/09\/VALORES-DE-INSCRICAO-INGLES-ATUAL.jpg\" class=\"attachment-large size-large wp-image-1504\" alt=\"\" srcset=\"https:\/\/latinoamericanoperitoneal.santacasa.org.br\/wp-content\/uploads\/2022\/09\/VALORES-DE-INSCRICAO-INGLES-ATUAL.jpg 1414w, https:\/\/latinoamericanoperitoneal.santacasa.org.br\/wp-content\/uploads\/2022\/09\/VALORES-DE-INSCRICAO-INGLES-ATUAL-212x300.jpg 212w, https:\/\/latinoamericanoperitoneal.santacasa.org.br\/wp-content\/uploads\/2022\/09\/VALORES-DE-INSCRICAO-INGLES-ATUAL-724x1024.jpg 724w, https:\/\/latinoamericanoperitoneal.santacasa.org.br\/wp-content\/uploads\/2022\/09\/VALORES-DE-INSCRICAO-INGLES-ATUAL-768x1086.jpg 768w, https:\/\/latinoamericanoperitoneal.santacasa.org.br\/wp-content\/uploads\/2022\/09\/VALORES-DE-INSCRICAO-INGLES-ATUAL-1086x1536.jpg 1086w, https:\/\/latinoamericanoperitoneal.santacasa.org.br\/wp-content\/uploads\/2022\/09\/VALORES-DE-INSCRICAO-INGLES-ATUAL-8x12.jpg 8w, https:\/\/latinoamericanoperitoneal.santacasa.org.br\/wp-content\/uploads\/2022\/09\/VALORES-DE-INSCRICAO-INGLES-ATUAL-103x146.jpg 103w, https:\/\/latinoamericanoperitoneal.santacasa.org.br\/wp-content\/uploads\/2022\/09\/VALORES-DE-INSCRICAO-INGLES-ATUAL-35x50.jpg 35w, https:\/\/latinoamericanoperitoneal.santacasa.org.br\/wp-content\/uploads\/2022\/09\/VALORES-DE-INSCRICAO-INGLES-ATUAL-53x75.jpg 53w\" sizes=\"(max-width: 416px) 100vw, 416px\" \/>\t\t\t\t\t\t\t\t<\/a>\n\t\t\t\t\t\t\t\t\t\t\t\t\t\t\t<\/div>\n\t\t\t\t<\/div>\n\t\t\t\t\t<\/div>\n\t\t<\/div>\n\t\t\t\t\t<\/div>\n\t\t<\/section>\n\t\t\t\t<section class=\"elementor-section elementor-top-section elementor-element elementor-element-72f5749 elementor-section-boxed elementor-section-height-default elementor-section-height-default\" data-id=\"72f5749\" data-element_type=\"section\" data-e-type=\"section\">\n\t\t\t\t\t\t<div class=\"elementor-container elementor-column-gap-default\">\n\t\t\t\t\t<div class=\"elementor-column elementor-col-100 elementor-top-column elementor-element elementor-element-2e1dd78\" data-id=\"2e1dd78\" data-element_type=\"column\" data-e-type=\"column\">\n\t\t\t<div class=\"elementor-widget-wrap elementor-element-populated\">\n\t\t\t\t\t\t<div class=\"elementor-element elementor-element-314bfcd elementor-widget elementor-widget-spacer\" data-id=\"314bfcd\" data-element_type=\"widget\" data-e-type=\"widget\" data-widget_type=\"spacer.default\">\n\t\t\t\t<div class=\"elementor-widget-container\">\n\t\t\t\t\t\t\t<div class=\"elementor-spacer\">\n\t\t\t<div class=\"elementor-spacer-inner\"><\/div>\n\t\t<\/div>\n\t\t\t\t\t\t<\/div>\n\t\t\t\t<\/div>\n\t\t\t\t\t<\/div>\n\t\t<\/div>\n\t\t\t\t\t<\/div>\n\t\t<\/section>\n\t\t\t\t<\/div>","protected":false},"excerpt":{"rendered":"<p>Instru\u00e7\u00f5es para inscri\u00e7\u00e3o A data limite para gera\u00e7\u00e3o de boletos \u00e9 27\/10; ap\u00f3s esta data o pagamento ser\u00e1 aceito apenas com cart\u00e3o de d\u00e9bito\/cr\u00e9dito ou transfer\u00eancia<span class=\"excerpt-hellip\"> [\u2026]<\/span><\/p>\n","protected":false},"author":1,"featured_media":0,"parent":0,"menu_order":0,"comment_status":"closed","ping_status":"closed","template":"","meta":{"footnotes":""},"class_list":["post-806","page","type-page","status-publish","hentry"],"_links":{"self":[{"href":"https:\/\/latinoamericanoperitoneal.santacasa.org.br\/en\/wp-json\/wp\/v2\/pages\/806","targetHints":{"allow":["GET"]}}],"collection":[{"href":"https:\/\/latinoamericanoperitoneal.santacasa.org.br\/en\/wp-json\/wp\/v2\/pages"}],"about":[{"href":"https:\/\/latinoamericanoperitoneal.santacasa.org.br\/en\/wp-json\/wp\/v2\/types\/page"}],"author":[{"embeddable":true,"href":"https:\/\/latinoamericanoperitoneal.santacasa.org.br\/en\/wp-json\/wp\/v2\/users\/1"}],"replies":[{"embeddable":true,"href":"https:\/\/latinoamericanoperitoneal.santacasa.org.br\/en\/wp-json\/wp\/v2\/comments?post=806"}],"version-history":[{"count":94,"href":"https:\/\/latinoamericanoperitoneal.santacasa.org.br\/en\/wp-json\/wp\/v2\/pages\/806\/revisions"}],"predecessor-version":[{"id":1507,"href":"https:\/\/latinoamericanoperitoneal.santacasa.org.br\/en\/wp-json\/wp\/v2\/pages\/806\/revisions\/1507"}],"wp:attachment":[{"href":"https:\/\/latinoamericanoperitoneal.santacasa.org.br\/en\/wp-json\/wp\/v2\/media?parent=806"}],"curies":[{"name":"wp","href":"https:\/\/api.w.org\/{rel}","templated":true}]}}