{"id":377,"date":"2022-04-22T10:58:49","date_gmt":"2022-04-22T13:58:49","guid":{"rendered":"https:\/\/latinoamericanoperitoneal.santacasa.org.br\/?page_id=377"},"modified":"2022-07-23T11:00:45","modified_gmt":"2022-07-23T14:00:45","slug":"submissao-de-trabalhos","status":"publish","type":"page","link":"https:\/\/latinoamericanoperitoneal.santacasa.org.br\/en\/submissao-de-trabalhos\/","title":{"rendered":"Submission of work"},"content":{"rendered":"<div data-elementor-type=\"wp-page\" data-elementor-id=\"377\" class=\"elementor elementor-377\">\n\t\t\t\t\t\t<section class=\"elementor-section elementor-top-section elementor-element elementor-element-dd39e22 elementor-section-boxed elementor-section-height-default elementor-section-height-default\" data-id=\"dd39e22\" data-element_type=\"section\" data-e-type=\"section\">\n\t\t\t\t\t\t<div class=\"elementor-container elementor-column-gap-default\">\n\t\t\t\t\t<div class=\"elementor-column elementor-col-100 elementor-top-column elementor-element elementor-element-ae33b96\" data-id=\"ae33b96\" data-element_type=\"column\" data-e-type=\"column\">\n\t\t\t<div class=\"elementor-widget-wrap elementor-element-populated\">\n\t\t\t\t\t\t<div class=\"elementor-element elementor-element-5e5fb85 elementor-widget elementor-widget-spacer\" data-id=\"5e5fb85\" data-element_type=\"widget\" data-e-type=\"widget\" data-widget_type=\"spacer.default\">\n\t\t\t\t<div class=\"elementor-widget-container\">\n\t\t\t\t\t\t\t<div class=\"elementor-spacer\">\n\t\t\t<div class=\"elementor-spacer-inner\"><\/div>\n\t\t<\/div>\n\t\t\t\t\t\t<\/div>\n\t\t\t\t<\/div>\n\t\t\t\t<div class=\"elementor-element elementor-element-1cae07a elementor-button-info elementor-align-center elementor-widget elementor-widget-button\" data-id=\"1cae07a\" data-element_type=\"widget\" data-e-type=\"widget\" data-widget_type=\"button.default\">\n\t\t\t\t<div class=\"elementor-widget-container\">\n\t\t\t\t\t\t\t\t\t<div class=\"elementor-button-wrapper\">\n\t\t\t\t\t<a class=\"elementor-button elementor-button-link elementor-size-lg\" href=\"https:\/\/3congressolatinoamer.eventize.com.br\/sistema_trabalhos\/evento.frm_login.php?backurl=%2Fsistema_trabalhos%2Findex.php\" target=\"_blank\">\n\t\t\t\t\t\t<span class=\"elementor-button-content-wrapper\">\n\t\t\t\t\t\t\t\t\t<span class=\"elementor-button-text\">Clique aqui para submeter o seu trabalho<\/span>\n\t\t\t\t\t<\/span>\n\t\t\t\t\t<\/a>\n\t\t\t\t<\/div>\n\t\t\t\t\t\t\t\t<\/div>\n\t\t\t\t<\/div>\n\t\t\t\t<div class=\"elementor-element elementor-element-fde7824 elementor-widget elementor-widget-spacer\" data-id=\"fde7824\" data-element_type=\"widget\" data-e-type=\"widget\" data-widget_type=\"spacer.default\">\n\t\t\t\t<div class=\"elementor-widget-container\">\n\t\t\t\t\t\t\t<div class=\"elementor-spacer\">\n\t\t\t<div class=\"elementor-spacer-inner\"><\/div>\n\t\t<\/div>\n\t\t\t\t\t\t<\/div>\n\t\t\t\t<\/div>\n\t\t\t\t<div class=\"elementor-element elementor-element-01ac113 elementor-widget elementor-widget-heading\" data-id=\"01ac113\" data-element_type=\"widget\" data-e-type=\"widget\" data-widget_type=\"heading.default\">\n\t\t\t\t<div class=\"elementor-widget-container\">\n\t\t\t\t\t<h2 class=\"elementor-heading-title elementor-size-default\">RULES FOR SUBMISSION OF ABSTRACTS<\/h2>\t\t\t\t<\/div>\n\t\t\t\t<\/div>\n\t\t\t\t\t<\/div>\n\t\t<\/div>\n\t\t\t\t\t<\/div>\n\t\t<\/section>\n\t\t\t\t<section class=\"elementor-section elementor-top-section elementor-element elementor-element-79dd163 elementor-section-boxed elementor-section-height-default elementor-section-height-default\" data-id=\"79dd163\" data-element_type=\"section\" data-e-type=\"section\">\n\t\t\t\t\t\t<div class=\"elementor-container elementor-column-gap-default\">\n\t\t\t\t\t<div class=\"elementor-column elementor-col-100 elementor-top-column elementor-element elementor-element-6e2b145\" data-id=\"6e2b145\" data-element_type=\"column\" data-e-type=\"column\">\n\t\t\t<div class=\"elementor-widget-wrap elementor-element-populated\">\n\t\t\t\t\t\t<div class=\"elementor-element elementor-element-7661b4c elementor-widget elementor-widget-text-editor\" data-id=\"7661b4c\" data-element_type=\"widget\" data-e-type=\"widget\" data-widget_type=\"text-editor.default\">\n\t\t\t\t<div class=\"elementor-widget-container\">\n\t\t\t\t\t\t\t\t\t<p><span style=\"font-weight: 400;\">For abstract submission it is necessary to comply with the following rules:<\/span><\/p><p><b>REGISTRATION AND AUTHORSHIP<\/b><\/p><p><span style=\"font-weight: 400;\">1) To submit papers, the author responsible for submitting the abstract must be registered for the event.<\/span><\/p><p><span style=\"font-weight: 400;\">2) The registration must be made in the \u201cmultiprofessional\u201d category and will have the value of R$ 850.00 (eight hundred and fifty reais).<\/span><\/p><p><span style=\"font-weight: 400;\">3) After confirming the payment and completing the registration, you will receive a username and password to access the restricted area and submit your abstract.<\/span><\/p><p><span style=\"font-weight: 400;\">4) Follow the instructions on the screen to access the abstract submission form and fill in all the fields of the online form.<\/span><\/p><p><span style=\"font-weight: 400;\">5) Before submitting the abstract, review it carefully.<\/span><\/p><p><span style=\"font-weight: 400;\">6) You can later change your summary by clicking on the \u201cSAVE\u201d button. The summary will be available within your sandbox for future corrections and edits. By clicking the \u201cSAVE AND SUBMIT\u201d button, you will not be able to make any further changes to your abstract, as it will be sent for review.<\/span><\/p><p><span style=\"font-weight: 400;\">7) The author responsible for the submission must fill in all the fields in the online form. All communications regarding the scientific work will be sent only to this author by the registered email and he\/she should be responsible for forwarding it to the co-authors.<\/span><\/p><p><span style=\"font-weight: 400;\">8) After submitting the abstract, an automatic email will be sent to the person responsible for the work (who submitted it), confirming the information registered. Check that all are correct. If they are not, you should contact the event organizers eventos@santacasa.org.br.<\/span><\/p><p><span style=\"font-weight: 400;\">9) If you do not receive the automatic email on the same day confirming the submission, the abstract may not have been sent correctly. In this case, please contact us at eventos@santacasa.org.br\u201d informing the event and the problem that occurred.<\/span><\/p><p><span style=\"font-weight: 400;\">10) For new access to the subscriber's restricted area, simply inform e-mail and password. If you have forgotten, use the option \u201cforgot my password\u201d.<\/span><\/p><p><b>SUMMARY<\/b><\/p><p><b>I - Themes<\/b><\/p><ul><li style=\"font-weight: 400;\" aria-level=\"1\"><span style=\"font-weight: 400;\">CCR and HIPEC in Pseudomyxoma Peritoneal<\/span><\/li><li style=\"font-weight: 400;\" aria-level=\"1\"><span style=\"font-weight: 400;\">CCR and HIPEC in Peritoneal Mesothelioma<\/span><\/li><li style=\"font-weight: 400;\" aria-level=\"1\"><span style=\"font-weight: 400;\">CCR and HIPEC in Ovary<\/span><\/li><li style=\"font-weight: 400;\" aria-level=\"1\"><span style=\"font-weight: 400;\">CCR and HIPEC in Stomach<\/span><\/li><li style=\"font-weight: 400;\" aria-level=\"1\"><span style=\"font-weight: 400;\">CCR and HIPEC in Colon<\/span><\/li><li style=\"font-weight: 400;\" aria-level=\"1\"><span style=\"font-weight: 400;\">CCR and HIPEC in Rare Tumors<\/span><\/li><li style=\"font-weight: 400;\" aria-level=\"1\"><span style=\"font-weight: 400;\">Nutrition in CCR and HIPEC <\/span><\/li><li aria-level=\"1\"><span style=\"font-weight: 400;\">Experimental Models in CCR and HIPEC<\/span><\/li><\/ul><p><b>II - Important information<\/b><\/p><ul><li><span style=\"font-weight: 400;\"> The abstract can be sent in Portuguese and English. \u00a0<\/span><\/li><li><span style=\"font-weight: 400;\"> The deadline for submission of abstracts is: 09\/12\/2022.<\/span><b> 12\/09\/2022.<\/b><\/li><li><span style=\"font-weight: 400;\"> Up to 03 works will be accepted per applicant. Those who have already reached this number can only be listed in other works as co-authors;<\/span><\/li><li><span style=\"font-weight: 400;\"> Up to 10 authors may be included for each abstract. Enter the authors in the desired order.<\/span><\/li><\/ul><p><span style=\"font-weight: 400;\">IMPORTANT: The presenter must also be included in the list of authors and be registered for the event as well.<\/span><\/p><ul><li><span style=\"font-weight: 400;\"> The presentation must be made by the person indicated when submitting the work. If this is not possible, another author of the work must make the presentation, as long as he is registered for the event and has paid the registration fee.<\/span><\/li><li><span style=\"font-weight: 400;\"> Abstracts will be sent exclusively through the official website of the Congress. \u00a0<\/span><\/li><li><span style=\"font-weight: 400;\"> Attention: all materials produced on the abstracts (annals, certificate, among others) will be a faithful reproduction of the information submitted by the author. Therefore, it is not possible to make changes to the spelling of the title, abstract or authors after submission of the works. We emphasize that the information provided is the sole responsibility of the author who submits the abstract. Names spelled incompletely (by abbreviation or omission of one or more surnames) will not be changed and will appear in the official program and digital certificate as informed by the main author at the time of registration.<\/span><\/li><\/ul><p><b>\u00a0<\/b><b>III - Instructions for preparing abstracts<\/b><\/p><ul><li><span style=\"font-weight: 400;\"> Submitted works must have original content and cannot have been presented at other events and\/or congresses.<\/span><\/li><li><span style=\"font-weight: 400;\"> The Title must be concise and reflect the study to be presented.<\/span><\/li><li><span style=\"font-weight: 400;\"> Abstract text must not exceed 2,500 characters (does not include title and authorship\/affiliation)<\/span><\/li><\/ul><p><span style=\"font-weight: 400;\">with spaces, 250 character limit for the title.<\/span><\/p><ul><li><b> Job Type:\u00a0<\/b><\/li><\/ul><p><span style=\"font-weight: 400;\">Two types will be available to choose the one that best represents the work:<\/span><\/p><ul><li aria-level=\"1\"><b>Scientific article<\/b><span style=\"font-weight: 400;\">\u00a0\u00a0<\/span><\/li><\/ul><ul><li aria-level=\"1\"><b>Case report\u00a0\u00a0<\/b><\/li><\/ul><p><b><\/b><span style=\"font-weight: 400;\">*<\/span><i><span style=\"font-weight: 400;\">The Case Reports will be presented exclusively in the form of posters.<\/span><\/i><span style=\"font-weight: 400;\">.<\/span><\/p><ul><li><b> Presentation form:<\/b><\/li><\/ul><ul><li aria-level=\"1\"><span style=\"font-weight: 400;\">Oral presentation\u00a0<\/span><\/li><\/ul><ul><li aria-level=\"1\"><span style=\"font-weight: 400;\">Electronic Poster<\/span><\/li><\/ul><p><span style=\"font-weight: 400;\">*<\/span><i><span style=\"font-weight: 400;\">The presentation format, oral or poster, will be defined based on the arithmetic average of the grades received, with only studies with the highest final average being intended for oral presentation.<\/span><\/i><span style=\"font-weight: 400;\">\u00a0<\/span><\/p><p><b>SELECTION<\/b><\/p><ul><li><span style=\"font-weight: 400;\"> The main author may choose the preferred way of presenting the work. However, the Scientific Committee reserves the right to change this choice.<\/span><\/li><li><span style=\"font-weight: 400;\"> The Scientific Committee reserves the right to refuse an abstract, without informing the reasons for the refusal. The final decision of the evaluation committee is considered supreme, irrevocable and unappealable, which will not be reviewed. Works that are not accepted for oral presentation can be presented via poster and the authors will be informed of this decision.<\/span><\/li><li><span style=\"font-weight: 400;\"> When submitting the work, the authors assume compliance with the laws and ethical standards that govern research with human beings and animals, including approval by the Research Ethics and Clinical Ethics Committees in Animal Research.<\/span><\/li><li><span style=\"font-weight: 400;\"> The Organizing Committee of the Congress will not be responsible for the costs of registration, transport, accommodation or other costs generated for the presentation of works in any modality.<\/span><\/li><li class=\"translation-block\">The result of the work will be published in the author's restricted area on 10\/21\/2022.<\/li><li><span style=\"font-weight: 400;\"> The submission of the abstract represents a commitment by the author(s) to present the work, if accepted, during the event.<\/span><\/li><\/ul><p><span style=\"font-weight: 400;\">Considering that case reports make an important contribution to the exchange of experience among professionals, the Commission recommends that only reports of common cases with an atypical evolution or of really rare cases, which are of important relevance, be sent.<\/span><\/p><ul><li><span style=\"font-weight: 400;\"> The Institution or Institutions where the work was carried out, as well as the names of the authors, must NOT be mentioned in the body of the text.<\/span><\/li><li><span style=\"font-weight: 400;\"> The abstract content must be related to the chosen topic.<\/span><\/li><li><span style=\"font-weight: 400;\">The use of graphs or tables in the submission of abstracts will not be allowed, although such resources can be used in the formatting of the presentations;<\/span><\/li><li class=\"translation-block\">Keywords: Describe up to 03 keywords that define your work.<\/li><li><span style=\"font-weight: 400;\"> Bibliographic references should not be included in the electronic submission. It is suggested that authors refrain from using abbreviations.<\/span><\/li><li><span style=\"font-weight: 400;\"> Results based on assertions such as: \u201cresults will be presented\u201d and or \u201cdata will be analyzed\u201d will not be considered. These should be stated as clearly as possible and conclusions should be based on the data presented. In this case, the authors must present preliminary results, or if it is an ongoing study, for example. Likewise, abstracts whose results, from the same work, are dispersed in different abstracts will not be accepted.<\/span><\/li><li><span style=\"font-weight: 400;\"> Case reports without clear originality and relevance that justify their presentation will not be accepted. Papers that contain only a literature review will also be rejected.<\/span><\/li><li><span style=\"font-weight: 400;\"> Trade names are not allowed, only generic drug names, written in lowercase letters.<\/span><\/li><\/ul>\t\t\t\t\t\t\t\t<\/div>\n\t\t\t\t<\/div>\n\t\t\t\t\t<\/div>\n\t\t<\/div>\n\t\t\t\t\t<\/div>\n\t\t<\/section>\n\t\t\t\t<\/div>","protected":false},"excerpt":{"rendered":"<p>Clique aqui para submeter o seu trabalho NORMAS PARA SUBMISS\u00c3O DE RESUMOS Para submiss\u00e3o de resumo \u00e9 necess\u00e1rio o cumprimento das seguintes normas: DA INSCRI\u00c7\u00c3O E<span class=\"excerpt-hellip\"> [\u2026]<\/span><\/p>\n","protected":false},"author":1,"featured_media":0,"parent":0,"menu_order":0,"comment_status":"closed","ping_status":"closed","template":"","meta":{"footnotes":""},"class_list":["post-377","page","type-page","status-publish","hentry"],"_links":{"self":[{"href":"https:\/\/latinoamericanoperitoneal.santacasa.org.br\/en\/wp-json\/wp\/v2\/pages\/377","targetHints":{"allow":["GET"]}}],"collection":[{"href":"https:\/\/latinoamericanoperitoneal.santacasa.org.br\/en\/wp-json\/wp\/v2\/pages"}],"about":[{"href":"https:\/\/latinoamericanoperitoneal.santacasa.org.br\/en\/wp-json\/wp\/v2\/types\/page"}],"author":[{"embeddable":true,"href":"https:\/\/latinoamericanoperitoneal.santacasa.org.br\/en\/wp-json\/wp\/v2\/users\/1"}],"replies":[{"embeddable":true,"href":"https:\/\/latinoamericanoperitoneal.santacasa.org.br\/en\/wp-json\/wp\/v2\/comments?post=377"}],"version-history":[{"count":19,"href":"https:\/\/latinoamericanoperitoneal.santacasa.org.br\/en\/wp-json\/wp\/v2\/pages\/377\/revisions"}],"predecessor-version":[{"id":1213,"href":"https:\/\/latinoamericanoperitoneal.santacasa.org.br\/en\/wp-json\/wp\/v2\/pages\/377\/revisions\/1213"}],"wp:attachment":[{"href":"https:\/\/latinoamericanoperitoneal.santacasa.org.br\/en\/wp-json\/wp\/v2\/media?parent=377"}],"curies":[{"name":"wp","href":"https:\/\/api.w.org\/{rel}","templated":true}]}}