{"id":120,"date":"2021-10-07T11:08:13","date_gmt":"2021-10-07T14:08:13","guid":{"rendered":"https:\/\/latinoamericanoperitoneal.santacasa.org.br\/?page_id=120"},"modified":"2022-10-26T09:25:40","modified_gmt":"2022-10-26T12:25:40","slug":"inscreva-se-form","status":"publish","type":"page","link":"https:\/\/latinoamericanoperitoneal.santacasa.org.br\/en\/inscreva-se-form\/","title":{"rendered":"Inscreva-se form"},"content":{"rendered":"<div data-elementor-type=\"wp-page\" data-elementor-id=\"120\" class=\"elementor elementor-120\">\n\t\t\t\t\t\t<section class=\"elementor-section elementor-top-section elementor-element elementor-element-a11d48d elementor-section-boxed elementor-section-height-default elementor-section-height-default\" data-id=\"a11d48d\" data-element_type=\"section\" data-e-type=\"section\">\n\t\t\t\t\t\t<div class=\"elementor-container elementor-column-gap-default\">\n\t\t\t\t\t<div class=\"elementor-column elementor-col-100 elementor-top-column elementor-element elementor-element-2daaa6e\" data-id=\"2daaa6e\" data-element_type=\"column\" data-e-type=\"column\">\n\t\t\t<div class=\"elementor-widget-wrap elementor-element-populated\">\n\t\t\t\t\t\t<div class=\"elementor-element elementor-element-f57ac54 elementor-widget elementor-widget-spacer\" data-id=\"f57ac54\" data-element_type=\"widget\" data-e-type=\"widget\" data-widget_type=\"spacer.default\">\n\t\t\t\t<div class=\"elementor-widget-container\">\n\t\t\t\t\t\t\t<div class=\"elementor-spacer\">\n\t\t\t<div class=\"elementor-spacer-inner\"><\/div>\n\t\t<\/div>\n\t\t\t\t\t\t<\/div>\n\t\t\t\t<\/div>\n\t\t\t\t<div class=\"elementor-element elementor-element-24f219c elementor-widget__width-auto elementor-widget elementor-widget-text-editor\" data-id=\"24f219c\" data-element_type=\"widget\" data-e-type=\"widget\" data-widget_type=\"text-editor.default\">\n\t\t\t\t<div class=\"elementor-widget-container\">\n\t\t\t\t\t\t\t\t\t<h3><span style=\"color: #000000;\"><strong>Instructions for registration<\/strong><\/span><\/h3>\n<ul>\n<li>The deadline for generating slips is 10\/27; after this date payment will only be accepted by debit\/credit card or bank transfer.<\/li>\n<li>The system will automatically detect your payment and you will receive a confirmation email.<\/li>\n<li>On the day of the event, proof of your category must be presented.<\/li>\n<\/ul>\n<p><span style=\"color: #000000;\"><strong>The event has 3 types of registration:<\/strong><\/span><\/p>\n<ol>\n<li style=\"list-style-type: none;\">\n<ol>\n<li>In-person event for the main auditorium, where the main lectures will take place.<\/li>\n<li>In-person event for the secondary room, where lectures by supporting societies, the Women's League to Fight Cancer and Latin Americans will take place.<\/li>\n<li>Online event for the secondary room only.<\/li>\n<\/ol>\n<\/li>\n<\/ol>\n<div>\n<p>Any questions or difficulties, please contact us by email. <strong><a href=\"mailto:eventos@santacasa.org.br\" target=\"_blank\" rel=\"noopener\">eventos@santacasa.org.<wbr>br<\/a><\/strong> or by phone <strong>+55 51 3214-8385.<\/strong><\/p>\n<p><span style=\"letter-spacing: 0px;\">The event will take place at CHC- Centro Hist\u00f3rico-Cultural Santa Casa, Av. Independencia, 75.<\/span><\/p><\/div>\t\t\t\t\t\t\t\t<\/div>\n\t\t\t\t<\/div>\n\t\t\t\t\t<\/div>\n\t\t<\/div>\n\t\t\t\t\t<\/div>\n\t\t<\/section>\n\t\t\t\t<section class=\"elementor-section elementor-top-section elementor-element elementor-element-ee29d45 elementor-section-boxed elementor-section-height-default elementor-section-height-default\" data-id=\"ee29d45\" data-element_type=\"section\" data-e-type=\"section\">\n\t\t\t\t\t\t<div class=\"elementor-container elementor-column-gap-default\">\n\t\t\t\t\t<div class=\"elementor-column elementor-col-100 elementor-top-column elementor-element elementor-element-a43a5c3\" data-id=\"a43a5c3\" data-element_type=\"column\" data-e-type=\"column\">\n\t\t\t<div class=\"elementor-widget-wrap elementor-element-populated\">\n\t\t\t\t\t\t<div class=\"elementor-element elementor-element-877f9e1 elementor-widget elementor-widget-spacer\" data-id=\"877f9e1\" data-element_type=\"widget\" data-e-type=\"widget\" data-widget_type=\"spacer.default\">\n\t\t\t\t<div class=\"elementor-widget-container\">\n\t\t\t\t\t\t\t<div class=\"elementor-spacer\">\n\t\t\t<div class=\"elementor-spacer-inner\"><\/div>\n\t\t<\/div>\n\t\t\t\t\t\t<\/div>\n\t\t\t\t<\/div>\n\t\t\t\t\t<\/div>\n\t\t<\/div>\n\t\t\t\t\t<\/div>\n\t\t<\/section>\n\t\t\t\t<section class=\"elementor-section elementor-top-section elementor-element elementor-element-93f6e7b elementor-section-boxed elementor-section-height-default elementor-section-height-default\" data-id=\"93f6e7b\" data-element_type=\"section\" data-e-type=\"section\">\n\t\t\t\t\t\t<div class=\"elementor-container elementor-column-gap-default\">\n\t\t\t\t\t<div class=\"elementor-column elementor-col-100 elementor-top-column elementor-element elementor-element-28788dd\" data-id=\"28788dd\" data-element_type=\"column\" data-e-type=\"column\">\n\t\t\t<div class=\"elementor-widget-wrap elementor-element-populated\">\n\t\t\t\t\t\t<div class=\"elementor-element elementor-element-cdf9c4e elementor-button-warning elementor-align-center elementor-widget elementor-widget-button\" data-id=\"cdf9c4e\" data-element_type=\"widget\" data-e-type=\"widget\" data-widget_type=\"button.default\">\n\t\t\t\t<div class=\"elementor-widget-container\">\n\t\t\t\t\t\t\t\t\t<div class=\"elementor-button-wrapper\">\n\t\t\t\t\t<a class=\"elementor-button elementor-button-link elementor-size-xl\" href=\"https:\/\/precongresso3congres.eventize.com.br\/\" target=\"_blank\">\n\t\t\t\t\t\t<span class=\"elementor-button-content-wrapper\">\n\t\t\t\t\t\t\t\t\t<span class=\"elementor-button-text\">Clique aqui para realizar a inscri\u00e7\u00e3o do Pr\u00e9-Congresso<\/span>\n\t\t\t\t\t<\/span>\n\t\t\t\t\t<\/a>\n\t\t\t\t<\/div>\n\t\t\t\t\t\t\t\t<\/div>\n\t\t\t\t<\/div>\n\t\t\t\t<div class=\"elementor-element elementor-element-ce49a95 elementor-button-warning elementor-align-center elementor-widget elementor-widget-button\" data-id=\"ce49a95\" data-element_type=\"widget\" data-e-type=\"widget\" data-widget_type=\"button.default\">\n\t\t\t\t<div class=\"elementor-widget-container\">\n\t\t\t\t\t\t\t\t\t<div class=\"elementor-button-wrapper\">\n\t\t\t\t\t<a class=\"elementor-button elementor-button-link elementor-size-xl\" href=\"https:\/\/3congressolatinoamer.eventize.com.br\/inscricao.php\">\n\t\t\t\t\t\t<span class=\"elementor-button-content-wrapper\">\n\t\t\t\t\t\t\t\t\t<span class=\"elementor-button-text\">Click here to register<\/span>\n\t\t\t\t\t<\/span>\n\t\t\t\t\t<\/a>\n\t\t\t\t<\/div>\n\t\t\t\t\t\t\t\t<\/div>\n\t\t\t\t<\/div>\n\t\t\t\t\t<\/div>\n\t\t<\/div>\n\t\t\t\t\t<\/div>\n\t\t<\/section>\n\t\t\t\t<section class=\"elementor-section elementor-top-section elementor-element elementor-element-5281e1e elementor-section-boxed elementor-section-height-default elementor-section-height-default\" data-id=\"5281e1e\" data-element_type=\"section\" data-e-type=\"section\">\n\t\t\t\t\t\t<div class=\"elementor-container elementor-column-gap-default\">\n\t\t\t\t\t<div class=\"elementor-column elementor-col-100 elementor-top-column elementor-element elementor-element-5da0b0c\" data-id=\"5da0b0c\" data-element_type=\"column\" data-e-type=\"column\">\n\t\t\t<div class=\"elementor-widget-wrap elementor-element-populated\">\n\t\t\t\t\t\t<div class=\"elementor-element elementor-element-776812f elementor-button-warning elementor-align-center elementor-widget elementor-widget-button\" data-id=\"776812f\" data-element_type=\"widget\" data-e-type=\"widget\" data-widget_type=\"button.default\">\n\t\t\t\t<div class=\"elementor-widget-container\">\n\t\t\t\t\t\t\t\t\t<div class=\"elementor-button-wrapper\">\n\t\t\t\t\t<a class=\"elementor-button elementor-button-link elementor-size-xl\" href=\"https:\/\/jantardocongresso.eventize.com.br\/inscricao.php\">\n\t\t\t\t\t\t<span class=\"elementor-button-content-wrapper\">\n\t\t\t\t\t\t\t\t\t<span class=\"elementor-button-text\">Click here to buy dinner<\/span>\n\t\t\t\t\t<\/span>\n\t\t\t\t\t<\/a>\n\t\t\t\t<\/div>\n\t\t\t\t\t\t\t\t<\/div>\n\t\t\t\t<\/div>\n\t\t\t\t\t<\/div>\n\t\t<\/div>\n\t\t\t\t\t<\/div>\n\t\t<\/section>\n\t\t\t\t<section class=\"elementor-section elementor-top-section elementor-element elementor-element-549ea1d elementor-section-boxed elementor-section-height-default elementor-section-height-default\" data-id=\"549ea1d\" data-element_type=\"section\" data-e-type=\"section\">\n\t\t\t\t\t\t<div class=\"elementor-container elementor-column-gap-default\">\n\t\t\t\t\t<div class=\"elementor-column elementor-col-100 elementor-top-column elementor-element elementor-element-810dc3a\" data-id=\"810dc3a\" data-element_type=\"column\" data-e-type=\"column\">\n\t\t\t<div class=\"elementor-widget-wrap elementor-element-populated\">\n\t\t\t\t\t\t<div class=\"elementor-element elementor-element-964bd08 elementor-widget elementor-widget-spacer\" data-id=\"964bd08\" data-element_type=\"widget\" data-e-type=\"widget\" data-widget_type=\"spacer.default\">\n\t\t\t\t<div class=\"elementor-widget-container\">\n\t\t\t\t\t\t\t<div class=\"elementor-spacer\">\n\t\t\t<div class=\"elementor-spacer-inner\"><\/div>\n\t\t<\/div>\n\t\t\t\t\t\t<\/div>\n\t\t\t\t<\/div>\n\t\t\t\t\t<\/div>\n\t\t<\/div>\n\t\t\t\t\t<\/div>\n\t\t<\/section>\n\t\t\t\t<section class=\"elementor-section elementor-top-section elementor-element elementor-element-c1e175d elementor-section-boxed elementor-section-height-default elementor-section-height-default\" data-id=\"c1e175d\" data-element_type=\"section\" data-e-type=\"section\">\n\t\t\t\t\t\t<div class=\"elementor-container elementor-column-gap-default\">\n\t\t\t\t\t<div class=\"elementor-column elementor-col-100 elementor-top-column elementor-element elementor-element-cd324c7\" data-id=\"cd324c7\" data-element_type=\"column\" data-e-type=\"column\">\n\t\t\t<div class=\"elementor-widget-wrap elementor-element-populated\">\n\t\t\t\t\t\t<div class=\"elementor-element elementor-element-338e827 elementor-widget elementor-widget-image\" data-id=\"338e827\" data-element_type=\"widget\" data-e-type=\"widget\" data-widget_type=\"image.default\">\n\t\t\t\t<div class=\"elementor-widget-container\">\n\t\t\t\t\t\t\t\t\t\t\t\t\t\t\t\t<a href=\"https:\/\/latinoamericanoperitoneal.santacasa.org.br\/wp-content\/uploads\/2022\/10\/VALORES-DE-INSCRICAO-PORTUGUES-ATUAL-2.jpg\" data-elementor-open-lightbox=\"yes\" data-elementor-lightbox-title=\"VALORES DE INSCRI\u00c7\u00c3O PORTUGU\u00caS ATUAL (2)\" data-e-action-hash=\"#elementor-action%3Aaction%3Dlightbox%26settings%3DeyJpZCI6MTU5MiwidXJsIjoiaHR0cHM6XC9cL2xhdGlub2FtZXJpY2Fub3Blcml0b25lYWwuc2FudGFjYXNhLm9yZy5iclwvd3AtY29udGVudFwvdXBsb2Fkc1wvMjAyMlwvMTBcL1ZBTE9SRVMtREUtSU5TQ1JJQ0FPLVBPUlRVR1VFUy1BVFVBTC0yLmpwZyJ9\">\n\t\t\t\t\t\t\t<img fetchpriority=\"high\" decoding=\"async\" width=\"724\" height=\"1024\" src=\"https:\/\/latinoamericanoperitoneal.santacasa.org.br\/wp-content\/uploads\/2022\/10\/VALORES-DE-INSCRICAO-PORTUGUES-ATUAL-2-724x1024.jpg\" class=\"attachment-large size-large wp-image-1592\" alt=\"\" srcset=\"https:\/\/latinoamericanoperitoneal.santacasa.org.br\/wp-content\/uploads\/2022\/10\/VALORES-DE-INSCRICAO-PORTUGUES-ATUAL-2-724x1024.jpg 724w, https:\/\/latinoamericanoperitoneal.santacasa.org.br\/wp-content\/uploads\/2022\/10\/VALORES-DE-INSCRICAO-PORTUGUES-ATUAL-2-212x300.jpg 212w, https:\/\/latinoamericanoperitoneal.santacasa.org.br\/wp-content\/uploads\/2022\/10\/VALORES-DE-INSCRICAO-PORTUGUES-ATUAL-2-768x1086.jpg 768w, https:\/\/latinoamericanoperitoneal.santacasa.org.br\/wp-content\/uploads\/2022\/10\/VALORES-DE-INSCRICAO-PORTUGUES-ATUAL-2-1086x1536.jpg 1086w, https:\/\/latinoamericanoperitoneal.santacasa.org.br\/wp-content\/uploads\/2022\/10\/VALORES-DE-INSCRICAO-PORTUGUES-ATUAL-2-8x12.jpg 8w, https:\/\/latinoamericanoperitoneal.santacasa.org.br\/wp-content\/uploads\/2022\/10\/VALORES-DE-INSCRICAO-PORTUGUES-ATUAL-2-103x146.jpg 103w, https:\/\/latinoamericanoperitoneal.santacasa.org.br\/wp-content\/uploads\/2022\/10\/VALORES-DE-INSCRICAO-PORTUGUES-ATUAL-2-35x50.jpg 35w, https:\/\/latinoamericanoperitoneal.santacasa.org.br\/wp-content\/uploads\/2022\/10\/VALORES-DE-INSCRICAO-PORTUGUES-ATUAL-2-53x75.jpg 53w, https:\/\/latinoamericanoperitoneal.santacasa.org.br\/wp-content\/uploads\/2022\/10\/VALORES-DE-INSCRICAO-PORTUGUES-ATUAL-2.jpg 1414w\" sizes=\"(max-width: 724px) 100vw, 724px\" \/>\t\t\t\t\t\t\t\t<\/a>\n\t\t\t\t\t\t\t\t\t\t\t\t\t\t\t<\/div>\n\t\t\t\t<\/div>\n\t\t\t\t\t<\/div>\n\t\t<\/div>\n\t\t\t\t\t<\/div>\n\t\t<\/section>\n\t\t\t\t<section class=\"elementor-section elementor-top-section elementor-element elementor-element-7c8fafe elementor-section-boxed elementor-section-height-default elementor-section-height-default\" data-id=\"7c8fafe\" data-element_type=\"section\" data-e-type=\"section\">\n\t\t\t\t\t\t<div class=\"elementor-container elementor-column-gap-default\">\n\t\t\t\t\t<div class=\"elementor-column elementor-col-100 elementor-top-column elementor-element elementor-element-8052c5f\" data-id=\"8052c5f\" data-element_type=\"column\" data-e-type=\"column\">\n\t\t\t<div class=\"elementor-widget-wrap elementor-element-populated\">\n\t\t\t\t\t\t<div class=\"elementor-element elementor-element-6957e52 elementor-widget elementor-widget-spacer\" data-id=\"6957e52\" data-element_type=\"widget\" data-e-type=\"widget\" data-widget_type=\"spacer.default\">\n\t\t\t\t<div class=\"elementor-widget-container\">\n\t\t\t\t\t\t\t<div class=\"elementor-spacer\">\n\t\t\t<div class=\"elementor-spacer-inner\"><\/div>\n\t\t<\/div>\n\t\t\t\t\t\t<\/div>\n\t\t\t\t<\/div>\n\t\t\t\t\t<\/div>\n\t\t<\/div>\n\t\t\t\t\t<\/div>\n\t\t<\/section>\n\t\t\t\t<\/div>","protected":false},"excerpt":{"rendered":"<p>Instru\u00e7\u00f5es para inscri\u00e7\u00e3o A data limite para gera\u00e7\u00e3o de boletos \u00e9 27\/10; ap\u00f3s esta data o pagamento ser\u00e1 aceito apenas com cart\u00e3o de d\u00e9bito\/cr\u00e9dito ou transfer\u00eancia<span class=\"excerpt-hellip\"> [\u2026]<\/span><\/p>\n","protected":false},"author":1,"featured_media":0,"parent":0,"menu_order":0,"comment_status":"closed","ping_status":"closed","template":"","meta":{"footnotes":""},"class_list":["post-120","page","type-page","status-publish","hentry"],"_links":{"self":[{"href":"https:\/\/latinoamericanoperitoneal.santacasa.org.br\/en\/wp-json\/wp\/v2\/pages\/120","targetHints":{"allow":["GET"]}}],"collection":[{"href":"https:\/\/latinoamericanoperitoneal.santacasa.org.br\/en\/wp-json\/wp\/v2\/pages"}],"about":[{"href":"https:\/\/latinoamericanoperitoneal.santacasa.org.br\/en\/wp-json\/wp\/v2\/types\/page"}],"author":[{"embeddable":true,"href":"https:\/\/latinoamericanoperitoneal.santacasa.org.br\/en\/wp-json\/wp\/v2\/users\/1"}],"replies":[{"embeddable":true,"href":"https:\/\/latinoamericanoperitoneal.santacasa.org.br\/en\/wp-json\/wp\/v2\/comments?post=120"}],"version-history":[{"count":157,"href":"https:\/\/latinoamericanoperitoneal.santacasa.org.br\/en\/wp-json\/wp\/v2\/pages\/120\/revisions"}],"predecessor-version":[{"id":1595,"href":"https:\/\/latinoamericanoperitoneal.santacasa.org.br\/en\/wp-json\/wp\/v2\/pages\/120\/revisions\/1595"}],"wp:attachment":[{"href":"https:\/\/latinoamericanoperitoneal.santacasa.org.br\/en\/wp-json\/wp\/v2\/media?parent=120"}],"curies":[{"name":"wp","href":"https:\/\/api.w.org\/{rel}","templated":true}]}}