{"id":101,"date":"2021-10-07T09:24:54","date_gmt":"2021-10-07T12:24:54","guid":{"rendered":"https:\/\/latinoamericanoperitoneal.santacasa.org.br\/?page_id=101"},"modified":"2022-06-28T11:31:20","modified_gmt":"2022-06-28T14:31:20","slug":"programacao","status":"publish","type":"page","link":"https:\/\/latinoamericanoperitoneal.santacasa.org.br\/en\/programacao\/","title":{"rendered":"Schedule"},"content":{"rendered":"<div data-elementor-type=\"wp-page\" data-elementor-id=\"101\" class=\"elementor elementor-101\">\n\t\t\t\t\t\t<section class=\"elementor-section elementor-top-section elementor-element elementor-element-17e3979 elementor-section-boxed elementor-section-height-default elementor-section-height-default\" data-id=\"17e3979\" data-element_type=\"section\" data-e-type=\"section\">\n\t\t\t\t\t\t<div class=\"elementor-container elementor-column-gap-default\">\n\t\t\t\t\t<div class=\"elementor-column elementor-col-100 elementor-top-column elementor-element elementor-element-f9fb8c8\" data-id=\"f9fb8c8\" data-element_type=\"column\" data-e-type=\"column\">\n\t\t\t<div class=\"elementor-widget-wrap elementor-element-populated\">\n\t\t\t\t\t\t<div class=\"elementor-element elementor-element-575e8d4 elementor-widget elementor-widget-heading\" data-id=\"575e8d4\" data-element_type=\"widget\" data-e-type=\"widget\" data-widget_type=\"heading.default\">\n\t\t\t\t<div class=\"elementor-widget-container\">\n\t\t\t\t\t<h2 class=\"elementor-heading-title elementor-size-default\">Schedule<\/h2>\t\t\t\t<\/div>\n\t\t\t\t<\/div>\n\t\t\t\t<div class=\"elementor-element elementor-element-ff07da4 elementor-widget elementor-widget-spacer\" data-id=\"ff07da4\" data-element_type=\"widget\" data-e-type=\"widget\" data-widget_type=\"spacer.default\">\n\t\t\t\t<div class=\"elementor-widget-container\">\n\t\t\t\t\t\t\t<div class=\"elementor-spacer\">\n\t\t\t<div class=\"elementor-spacer-inner\"><\/div>\n\t\t<\/div>\n\t\t\t\t\t\t<\/div>\n\t\t\t\t<\/div>\n\t\t\t\t<div class=\"elementor-element elementor-element-474b1ed elementor-widget elementor-widget-text-editor\" data-id=\"474b1ed\" data-element_type=\"widget\" data-e-type=\"widget\" data-widget_type=\"text-editor.default\">\n\t\t\t\t<div class=\"elementor-widget-container\">\n\t\t\t\t\t\t\t\t\t<h5 class=\"mb-0\"><button class=\"btn btn-link\" type=\"button\" data-toggle=\"collapse\" data-target=\"#collapseOne\" aria-expanded=\"true\" aria-controls=\"collapseOne\">MAJOR AUDITORIUM<\/button><\/h5>\n<div class=\"card\">\n<div id=\"headingOne\" class=\"card-header\">\n<h5 class=\"mb-0\"><button class=\"btn btn-link\" style=\"background: #07A19F;\" type=\"button\" data-toggle=\"collapse\" data-target=\"#collapseOne\" aria-expanded=\"true\" aria-controls=\"collapseOne\">SECONDARY ROOM<\/button><\/h5>\n<\/div>\n<\/div>\t\t\t\t\t\t\t\t<\/div>\n\t\t\t\t<\/div>\n\t\t\t\t<div class=\"elementor-element elementor-element-118a51f elementor-tabs-view-horizontal elementor-widget elementor-widget-tabs\" data-id=\"118a51f\" data-element_type=\"widget\" data-e-type=\"widget\" data-widget_type=\"tabs.default\">\n\t\t\t\t<div class=\"elementor-widget-container\">\n\t\t\t\t\t\t\t<div class=\"elementor-tabs\">\n\t\t\t<div class=\"elementor-tabs-wrapper\" role=\"tablist\" >\n\t\t\t\t\t\t\t\t\t<div id=\"elementor-tab-title-1831\" class=\"elementor-tab-title elementor-tab-desktop-title\" aria-selected=\"true\" data-tab=\"1\" role=\"tab\" tabindex=\"0\" aria-controls=\"elementor-tab-content-1831\" aria-expanded=\"false\">October, 30th<\/div>\n\t\t\t\t\t\t\t\t\t<div id=\"elementor-tab-title-1832\" class=\"elementor-tab-title elementor-tab-desktop-title\" aria-selected=\"false\" data-tab=\"2\" role=\"tab\" tabindex=\"-1\" aria-controls=\"elementor-tab-content-1832\" aria-expanded=\"false\">October, 31th<\/div>\n\t\t\t\t\t\t\t\t\t<div id=\"elementor-tab-title-1833\" class=\"elementor-tab-title elementor-tab-desktop-title\" aria-selected=\"false\" data-tab=\"3\" role=\"tab\" tabindex=\"-1\" aria-controls=\"elementor-tab-content-1833\" aria-expanded=\"false\">November, 1st<\/div>\n\t\t\t\t\t\t\t<\/div>\n\t\t\t<div class=\"elementor-tabs-content-wrapper\" role=\"tablist\" aria-orientation=\"vertical\">\n\t\t\t\t\t\t\t\t\t<div class=\"elementor-tab-title elementor-tab-mobile-title\" aria-selected=\"true\" data-tab=\"1\" role=\"tab\" tabindex=\"0\" aria-controls=\"elementor-tab-content-1831\" aria-expanded=\"false\">October, 30th<\/div>\n\t\t\t\t\t<div id=\"elementor-tab-content-1831\" class=\"elementor-tab-content elementor-clearfix\" data-tab=\"1\" role=\"tabpanel\" aria-labelledby=\"elementor-tab-title-1831\" tabindex=\"0\" hidden=\"false\"><div id=\"accordionExample\" class=\"accordion\"><div class=\"card\"><div id=\"headingOne\" class=\"card-header\"><h5 class=\"mb-0\"><button class=\"btn btn-link\" type=\"button\" data-toggle=\"collapse\" data-target=\"#collapseOne\" aria-expanded=\"true\" aria-controls=\"collapseOne\">SESSION: THEORETICAL BASIS OF THE TREATMENT OF PERITONEAL CARCINOMATOSIS<\/button><\/h5><\/div><\/div><div class=\"card\"><div id=\"collapseTwo\" class=\"collapse\" aria-labelledby=\"headingTwo\" data-parent=\"#accordionExample\"><ul><li><strong><span style=\"color: #000000;\">13:40 to 14:00<\/span>\u00a0 \u00a0 \u00a0<\/strong>The theoretical basis of HIPEC- associated Cytoreduction<\/li><li><strong><span style=\"color: #000000;\">14:00 to 14:20\u00a0<\/span> \u00a0 \u00a0<\/strong>Theoretical bases and possible technologies for PIPAC<\/li><\/ul><h5 class=\"mb-0\"><button class=\"btn btn-link\" type=\"button\" data-toggle=\"collapse\" data-target=\"#collapseOne\" aria-expanded=\"true\" aria-controls=\"collapseOne\">SESSION: PSEUDOMYXOMA PERITONEI<\/button><\/h5><ul><li><strong><span style=\"color: #000000;\">14:20 to 14:40<\/span>\u00a0 \u00a0 \u00a0<\/strong>Is free opioid technique in cytoreduction associated with HIPEC a reality?<\/li><li><strong><span style=\"color: #000000;\">14:40 to 15:00<\/span>\u00a0 \u00a0 \u00a0<\/strong>And selection of patients for extensive cytoreduction in peritoneal\npseudomyxoma<\/li><li><strong><span style=\"color: #000000;\">15:00 to 15:20\u00a0<\/span> \u00a0 \u00a0<\/strong>Cytoreduction associated with HIPEC in peritoneal pseudomyxoma: peritonei\ntoday<\/li><li><strong><span style=\"color: #000000;\">15:20 to 15:40\u00a0<\/span> \u00a0 \u00a0<\/strong>Possible HIPEC regimens in the initial approach and in the recurrence of\nperitoneal pseudomyxomas<\/li><li><strong><span style=\"color: #000000;\">15:40 to 16:00<\/span>\u00a0 \u00a0 \u00a0<\/strong>Discussion<\/li><li><strong><span style=\"color: #000000;\">12:00 to 13:30\u00a0<\/span> \u00a0 \u00a0<\/strong>Lunch<\/li><\/ul><h5 class=\"mb-0\"><button class=\"btn btn-link\" type=\"button\" data-toggle=\"collapse\" data-target=\"#collapseOne\" aria-expanded=\"true\" aria-controls=\"collapseOne\">SESSION: PSEUDOMYXOMA PERITONEI<\/button><\/h5><ul><li><span style=\"color: #000000;\"><strong>14:20 to 14:40<\/strong><\/span>\u00a0 \u00a0 \u00a0T\u00e9cnica opioide free em citorredu\u00e7\u00e3o associada \u00e0 HIPEC \u00e9 uma realidade?<\/li><li><strong><span style=\"color: #000000;\">14:40 to 15:00<\/span>\u00a0<\/strong> \u00a0 \u00a0Preparo e sele\u00e7\u00e3o de pacientes para citorredu\u00e7\u00e3o extensa no pseudomixoma<\/li><li><span style=\"color: #000000;\"><strong>15:00 to 15:20<\/strong>\u00a0<\/span> \u00a0 \u00a0Cytoreduction associated with HIPEC in peritoneal pseudomyxoma: peritonei\ntoday<\/li><li><strong><span style=\"color: #000000;\">15:20 to 15:40<\/span>\u00a0<\/strong> \u00a0 \u00a0Regimes de HIPEC poss\u00edveis na abordagem inicial e na recidiva dos pseudomixomas<\/li><li><strong><span style=\"color: #000000;\">15:40 to 16:00<\/span>\u00a0<\/strong> \u00a0 \u00a0Discussion<\/li><li><span style=\"color: #000000;\"><strong>16:00 \u00e0s 16:20<\/strong><\/span>\u00a0 \u00a0 \u00a0Break<\/li><\/ul><\/div><h5 class=\"mb-0\"><button class=\"btn btn-link\" type=\"button\" data-toggle=\"collapse\" data-target=\"#collapseOne\" aria-expanded=\"true\" aria-controls=\"collapseOne\">SESSION: PSEUDOMYXOMA PERITONEI<\/button><\/h5><\/div><\/div><ul><li><strong><span style=\"color: #000000;\">16:20 to 16:40<\/span>\u00a0<\/strong> \u00a0 Technical strategies for cytoreduction in challenging scenarios( high PCI)<\/li><li><strong><span style=\"color: #000000;\">16:40 to 17:00<\/span>\u00a0<\/strong> \u00a0 \u00a0Maximal tumor debulking and HIPEC in two strokes \u2013 a possible reality?<\/li><li><strong><span style=\"color: #000000;\">17:00 to 17:20<\/span>\u00a0<\/strong> \u00a0 \u00a0Is cytoreduction associated with HIPEC in non-OCC scenarios possible?<\/li><li><strong><span style=\"color: #000000;\">17:20 to 17:40<\/span>\u00a0<\/strong> \u00a0 \u00a0A peritoneal pseudmyxoma not of appendix origin: what is the role of HIPEC?<\/li><li><strong><span style=\"color: #000000;\">17:40 to 18:00<\/span>\u00a0<\/strong> \u00a0 \u00a0In which scenarios does ReHIPEC have space?<\/li><li><span style=\"color: #000000;\"><strong>18:00 to 18:20<\/strong><\/span>\u00a0 \u00a0 \u00a0Discussion<\/li><li><strong><span style=\"color: #000000;\">18:30 to 19:00<\/span>\u00a0<\/strong> \u00a0 \u00a0Cocktail<\/li><li><span style=\"color: #000000;\"><strong>19:00 to 19:20<\/strong><\/span>\u00a0 \u00a0 \u00a0Official Opening of the Congress<\/li><li><strong><span style=\"color: #000000;\">19:20 to 19:40<\/span>\u00a0<\/strong> \u00a0 \u00a0Present, past and future in the treatment of peritoneal carcinomatosis<\/li><li><span style=\"color: #000000;\"><strong>19:40 to 20:20<\/strong><\/span>\u00a0 \u00a0 \u00a0Presentation of the male choir of Bom Principio<\/li><\/ul><\/div>\n\t\t\t\t\t\t\t\t\t<div class=\"elementor-tab-title elementor-tab-mobile-title\" aria-selected=\"false\" data-tab=\"2\" role=\"tab\" tabindex=\"-1\" aria-controls=\"elementor-tab-content-1832\" aria-expanded=\"false\">October, 31th<\/div>\n\t\t\t\t\t<div id=\"elementor-tab-content-1832\" class=\"elementor-tab-content elementor-clearfix\" data-tab=\"2\" role=\"tabpanel\" aria-labelledby=\"elementor-tab-title-1832\" tabindex=\"0\" hidden=\"hidden\"><div id=\"accordionExample\" class=\"accordion\"><div class=\"card\"><div id=\"headingOne\" class=\"card-header\"><div class=\"card\"><div id=\"headingOne\" class=\"card-header\"><h5 class=\"mb-0\"><button class=\"btn btn-link\" type=\"button\" data-toggle=\"collapse\" data-target=\"#collapseOne\" aria-expanded=\"true\" aria-controls=\"collapseOne\">SESSION: PERITONAL MESOTHELIOMA<\/button><\/h5><\/div><\/div><div class=\"card\"><div id=\"collapseTwo\" class=\"collapse\" aria-labelledby=\"headingTwo\" data-parent=\"#accordionExample\"><ul><li><strong><span style=\"color: #000000;\">08:00\u00a0to 08:20\u00a0 \u00a0 \u00a0<\/span><\/strong>Clinical and histological selection of mesothelioma for cytoreduction associated\nwith HIPEC<\/li><li><strong><span style=\"color: #000000;\">08:20 to 08:40\u00a0 \u00a0 \u00a0<\/span><\/strong>An evaluation of the Types of peritoneal perfusion regimens in mesothelioma<\/li><li><strong><span style=\"color: #000000;\">08:40 to 09:00<\/span>\u00a0 \u00a0 \u00a0<\/strong>Total vs selective peritonectomy: What to do when dealing with benign multicystic\nmesothelioma?<\/li><li><strong><span style=\"color: #000000;\">09:00 to 09:20\u00a0 \u00a0 \u00a0<\/span><\/strong>The possibility of large wall resections in HIPEC-associated cytoreduction<\/li><li><strong><span style=\"color: #000000;\">09:20 to 09:40\u00a0<\/span> \u00a0 \u00a0<\/strong>Alternatives to the non- candidate patient in curative surgical treatment<\/li><li><span style=\"color: #000000;\"><strong>09:40 to 10:00\u00a0 \u00a0 \u00a0<\/strong><\/span>Discussion<\/li><li><strong><span style=\"color: #000000;\">10:00 to 10:20\u00a0 \u00a0 \u00a0<\/span><\/strong>Break<\/li><\/ul><h5 class=\"mb-0\"><button class=\"btn btn-link\" style=\"background: #07A19F;\" type=\"button\" data-toggle=\"collapse\" data-target=\"#collapseOne\" aria-expanded=\"true\" aria-controls=\"collapseOne\">SECONDARY ROOM<\/button><\/h5><ul><li><span style=\"color: #000000;\"><strong>08:00 \u00e0s 10:00\u00a0 \u00a0 \u00a0<\/strong><\/span>Liga Feminina<\/li><li><strong><span style=\"color: #000000;\">10:00 to 10:20\u00a0 \u00a0 \u00a0<\/span><\/strong>Break<\/li><li><span style=\"color: #000000;\"><strong>10:20 \u00e0s 12:00\u00a0 \u00a0 <\/strong><span style=\"color: #999999;\">SOCIEDADE BRASILEIRA DE PATOLOGIA &#8211; SBP<\/span>\u00a0<\/span><\/li><li><span style=\"color: #000000;\"><strong>12:00 to 13:30\u00a0 \u00a0 <\/strong><span style=\"color: #999999;\">Lunch break<\/span><\/span><\/li><li><span style=\"color: #000000;\"><strong>13:40 \u00e0s 16:00\u00a0 \u00a0 <\/strong><span style=\"color: #999999;\">COL\u00c9GIO BRASILEIRO DE RADIOLOGIA E DIAGN\u00d3STICO POR IMAGEM &#8211; CBR<\/span>\u00a0\u00a0<\/span><\/li><li><span style=\"color: #000000;\"><strong>16:00 \u00e0s 16:20\u00a0 \u00a0 \u00a0<\/strong><span style=\"color: #999999;\">Break<\/span><\/span><\/li><li><span style=\"color: #000000;\"><strong> 16:20 \u00e0s 18:00\u00a0 \u00a0 \u00a0<\/strong><span style=\"color: #999999;\">ASSOCIA\u00c7\u00c3O DE MEDICINA INTENSIVA BRASILEIRA &#8211; AMIB<\/span><\/span><\/li><\/ul><h5 class=\"mb-0\"><button class=\"btn btn-link\" type=\"button\" data-toggle=\"collapse\" data-target=\"#collapseOne\" aria-expanded=\"true\" aria-controls=\"collapseOne\">SESSION: HIPEC IN SUS (NHS) \u2013 WHERE WE COME FROM AND WHERE WE ARE GOING<\/button><\/h5><ul><li><span style=\"color: #000000;\"><strong>10:20 to 10:40<\/strong><\/span>\u00a0 \u00a0 \u00a0Incorporation of HIPEC into SUS(NHS), a victory for the patient?<\/li><li><strong><span style=\"color: #000000;\">10:40 to 11:00\u00a0<\/span><\/strong> \u00a0 \u00a0Protocol construction for conitec: my experience<\/li><li><strong><span style=\"color: #000000;\">11:20 to 12:00\u00a0<\/span><\/strong> \u00a0 \u00a0Discussion<\/li><li><strong><span style=\"color: #000000;\">12:00 to 13:30\u00a0<\/span><\/strong> \u00a0 \u00a0Lunch break<\/li><\/ul><h5 class=\"mb-0\"><button class=\"btn btn-link\" type=\"button\" data-toggle=\"collapse\" data-target=\"#collapseOne\" aria-expanded=\"true\" aria-controls=\"collapseOne\">SESSION: PERITONEAL CARCINOMATOSIS OF COLONRETAL ORIGIN<\/button><\/h5><ul><li><span style=\"color: #000000;\"><strong>13:40 <\/strong><strong>to <\/strong><\/span><strong><span style=\"color: #000000;\">14:00\u00a0<\/span> \u00a0 \u00a0<\/strong>Selecting the best patient for HIPEC-associated cytoreduction in colonrectal\ncarcinomatosis<\/li><li><span style=\"color: #000000;\"><strong>14:00 <\/strong><strong>to<\/strong><\/span><strong><span style=\"color: #000000;\"> 14:20<\/span>\u00a0 \u00a0 \u00a0<\/strong>Cytoreduction associated with HIPEC still has room after Prodige 7<\/li><li><span style=\"color: #000000;\"><strong>14:20<\/strong><strong> to <\/strong><\/span><strong><span style=\"color: #000000;\">14:40<\/span>\u00a0 \u00a0 \u00a0<\/strong>Is colon cytoreduction associated with HIPEC for a high-risk patient still a\npossibility?<\/li><li><span style=\"color: #000000;\"><strong>14:40 <\/strong><strong>to<\/strong><\/span><strong><span style=\"color: #000000;\"> 15:00<\/span>\u00a0 \u00a0 \u00a0<\/strong>C\u00f3lon<\/li><li><span style=\"color: #000000;\"><strong>15:00<\/strong><strong> to <\/strong><\/span><strong><span style=\"color: #000000;\">15:20<\/span>\u00a0 \u00a0 \u00a0<\/strong>Discussion<\/li><li><span style=\"color: #000000;\"><strong>15:20<\/strong><strong> to <\/strong><\/span><strong><span style=\"color: #000000;\">15:40<\/span>\u00a0 \u00a0 \u00a0<\/strong>What to expect when using PIPAC as an alternative in the treatment of colon\ncarcinomatosis?<\/li><li><span style=\"color: #000000;\"><strong>15:40 <\/strong><strong>to <\/strong><\/span><strong><span style=\"color: #000000;\">16:00<\/span>\u00a0 \u00a0 \u00a0<\/strong>What to expect when using systemic chemotherapy in the treatment of colon\ncarcinomatosis?<\/li><li><strong><span style=\"color: #000000;\">16:00 \u00e0s 16:20<\/span>\u00a0 \u00a0 \u00a0<\/strong>Break<\/li><\/ul><h5 class=\"mb-0\"><button class=\"btn btn-link\" type=\"button\" data-toggle=\"collapse\" data-target=\"#collapseOne\" aria-expanded=\"true\" aria-controls=\"collapseOne\">SESSION: CARCINOMATOSIS OF COLON ORIGIN<\/button><\/h5><ul><li><span style=\"color: #000000;\"><strong>16:20 to 16:40\u00a0<\/strong> <\/span>\u00a0 \u00a0C\u00f3lon<\/li><li><strong><span style=\"color: #000000;\">16:40 to 17:00<\/span><\/strong>\u00a0 \u00a0 \u00a0C\u00f3lon<\/li><li><strong><span style=\"color: #000000;\">17:00 to 17:20<\/span><\/strong>\u00a0 \u00a0 \u00a0Discussion<\/li><li><strong><span style=\"color: #000000;\">17:20 to 17:30<\/span><\/strong>\u00a0 \u00a0 \u00a0A Study analysing tumour sensitivity to systemic chemotherapy<\/li><li><strong><span style=\"color: #000000;\">17:30 to 18:00<\/span><\/strong>\u00a0 \u00a0 \u00a0I remember this complication<\/li><\/ul><\/div><\/div><\/div><\/div><\/div><\/div>\n\t\t\t\t\t\t\t\t\t<div class=\"elementor-tab-title elementor-tab-mobile-title\" aria-selected=\"false\" data-tab=\"3\" role=\"tab\" tabindex=\"-1\" aria-controls=\"elementor-tab-content-1833\" aria-expanded=\"false\">November, 1st<\/div>\n\t\t\t\t\t<div id=\"elementor-tab-content-1833\" class=\"elementor-tab-content elementor-clearfix\" data-tab=\"3\" role=\"tabpanel\" aria-labelledby=\"elementor-tab-title-1833\" tabindex=\"0\" hidden=\"hidden\"><h5 class=\"mb-0\"><button class=\"btn btn-link\" type=\"button\" data-toggle=\"collapse\" data-target=\"#collapseOne\" aria-expanded=\"true\" aria-controls=\"collapseOne\">SESSION: OVARIAN NEOPLASIA<\/button><\/h5><ul><li><span style=\"color: #000000;\"><strong>08:00 to 08:20<\/strong>\u00a0<\/span> \u00a0 \u00a0What is the ideal patient for HIPEC ovarian cancer? Is there space for molecular\nselection?<\/li><li><span style=\"color: #000000;\"><strong>08:20 to 08:40<\/strong><\/span>\u00a0 \u00a0 \u00a0Role of cytoreductive surgery for rec. ovarian cancer<\/li><li><strong><span style=\"color: #000000;\">08:40 to 09:00<\/span>\u00a0<\/strong> \u00a0 \u00a0Role of cytoreductive surgery for rec. ovarian cancer<\/li><li><span style=\"color: #000000;\"><strong>09:00 to 09:20<\/strong><\/span>\u00a0 \u00a0 \u00a0Discussion<\/li><li><span style=\"color: #000000;\"><strong>09:20 to 09:40<\/strong><\/span>\u00a0 \u00a0 \u00a0The potential role of HIPEC in association with modern systemic therapies<\/li><li><span style=\"color: #000000;\"><strong>09:40 to 10:00<\/strong><\/span>\u00a0 \u00a0 \u00a0Is OVHIPEC the best regimen in HIPEC-associated cytoreduction?<\/li><li><span style=\"color: #000000;\"><strong>10:00 to 10:20<\/strong><\/span>\u00a0 \u00a0 \u00a0Break<\/li><li><span style=\"color: #000000;\"><strong>10:20 to 10:40<\/strong><\/span>\u00a0 \u00a0 \u00a0Does PIPAC have a role in ovarian cancer?<\/li><li><span style=\"color: #000000;\"><strong>10:40 to 11:00<\/strong><\/span>\u00a0 \u00a0 \u00a0Discussion<\/li><\/ul><h5 class=\"mb-0\"><button class=\"btn btn-link\" style=\"background: #07A19F;\" type=\"button\" data-toggle=\"collapse\" data-target=\"#collapseOne\" aria-expanded=\"true\" aria-controls=\"collapseOne\">LATINO AMERICANO<\/button><\/h5><ul><li><span style=\"color: #000000;\"><strong>08:00 to 08:20<\/strong>\u00a0<\/span>\u00a0 \u00a0Argentina<\/li><li><span style=\"color: #000000;\"><strong>08:20 to 08:40<\/strong><\/span>\u00a0 \u00a0 Chile HIPEC<\/li><li><strong><span style=\"color: #000000;\">08:40 to 09:00<\/span>\u00a0<\/strong>\u00a0 \u00a0 Brasil<\/li><li><span style=\"color: #000000;\"><strong>09:00 to 09:20<\/strong><\/span>\u00a0 \u00a0 Paraguai: Hipec in Paraguai what is our reality?<\/li><li><span style=\"color: #000000;\"><strong>09:20 to 09:40<\/strong><\/span>\u00a0 \u00a0 Uruguai<\/li><li><span style=\"color: #000000;\"><strong>09:40 to 10:00<\/strong><\/span>\u00a0 \u00a0 \u00a0<\/li><li><span style=\"color: #000000;\"><strong>10:00 to 10:20<\/strong><\/span>\u00a0 \u00a0 \u00a0Break<\/li><li><span style=\"color: #000000;\"><strong>10:20 to 10:40<\/strong><\/span>\u00a0 \u00a0 \u00a0Bolivia<\/li><li><span style=\"color: #000000;\"><strong>10:40 to 11:00<\/strong><\/span>\u00a0 \u00a0 \u00a0Peru<\/li><li><span style=\"color: #000000;\"><strong>11:00 \u00e0s 11:20\u00a0 \u00a0 \u00a0<\/strong><\/span>Colombia<\/li><li><span style=\"color: #000000;\"><strong>11:20 to 11:40\u00a0 \u00a0<\/strong> <span style=\"color: #999999;\">Equador<\/span><\/span><\/li><li><span style=\"color: #000000;\"><strong>11:40 to 12:00\u00a0 \u00a0 <\/strong><span style=\"color: #999999;\">M\u00e9xico- Hipec in the Mexico let`s talk about<\/span><\/span><\/li><li><span style=\"color: #000000;\"><strong>12:00 \u00e0s 14:00\u00a0 \u00a0<\/strong><span style=\"color: #999999;\"> Lunch break<\/span><\/span><\/li><li><span style=\"color: #000000;\"><strong>14:00 \u00e0s 18:00\u00a0 \u00a0<\/strong> <span style=\"color: #999999;\">APRESENTA\u00c7\u00d5ES LIVRES\u00a0<\/span><\/span><\/li><li><strong><span style=\"color: #000000;\">18:00\u00a0 \u00a0 \u00a0 \u00a0 \u00a0 \u00a0 \u00a0 \u00a0 \u00a0<\/span><\/strong> <span style=\"color: #808080;\">Closing<\/span><\/li><\/ul><h5 class=\"mb-0\"><button class=\"btn btn-link\" type=\"button\" data-toggle=\"collapse\" data-target=\"#collapseOne\" aria-expanded=\"true\" aria-controls=\"collapseOne\">SESSION: CARCINOMATOSIS OF GASTRIC ORIGIN<\/button><\/h5><ul><li><strong><span style=\"color: #000000;\">11:00\u00a0to 11:20<\/span><\/strong>\u00a0 \u00a0 \u00a0Immunonutrition in HIPEC<\/li><li><span style=\"color: #000000;\"><strong>11:20 to 11:40<\/strong><\/span>\u00a0 \u00a0 \u00a0Who is the ideal patient for HIPEC in stomach cancer?<\/li><li><span style=\"color: #000000;\"><strong>11:40 to 12:00<\/strong><\/span>\u00a0 \u00a0 \u00a0Is prophylactic HIPEC for stomach cancer a possible strategy?<\/li><li><span style=\"color: #000000;\"><strong>12:00 to 12:15\u00a0<\/strong><\/span> \u00a0 \u00a0Discussion<\/li><li><span style=\"color: #000000;\"><strong>12:15 to 14:00<\/strong><\/span>\u00a0 \u00a0 \u00a0Lunch break<\/li><li><span style=\"color: #000000;\"><strong>14:00 to 14:20<\/strong><\/span>\u00a0 \u00a0 \u00a0Systemic chemo with intraperitoneal chemo talk of the treatment of stomach\nneoplasms?<\/li><li><span style=\"color: #000000;\"><strong>14:20 to 14:40<\/strong><\/span>\u00a0 \u00a0 \u00a0Discussion<\/li><li><span style=\"color: #000000;\"><strong>14:40 to 15:00\u00a0<\/strong><\/span> \u00a0 \u00a0How PIPAC can change the approach to carcinomatosis in stomach cancer<\/li><li><strong><span style=\"color: #000000;\">15:00 to 15:20<\/span><\/strong>\u00a0 \u00a0 \u00a0What is the best intraperitoneal chemotherapy regimen in HIPEC?<\/li><li><span style=\"color: #000000;\"><strong>15:20 to 15:40<\/strong><\/span>\u00a0 \u00a0 \u00a0Systemic chemotherapy in gastric carcinomatosis: what can we expect?<\/li><li><strong><span style=\"color: #000000;\">15:40 to 16:00<\/span>\u00a0<\/strong> \u00a0 \u00a0Discussion<\/li><li><strong><span style=\"color: #000000;\">16:00 \u00e0s 16:20\u00a0<\/span><\/strong> \u00a0 \u00a0Break<\/li><li><strong><span style=\"color: #000000;\">16:20 to 16:40<\/span>\u00a0<\/strong> \u00a0 \u00a0Latin registration<\/li><li><span style=\"color: #000000;\"><strong>16:40 to 17:00<\/strong><\/span>\u00a0 \u00a0 \u00a0How large database can a in registration influence our clinical practice?<\/li><li><span style=\"color: #000000;\"><strong>17:00 to 17:20<\/strong><\/span>\u00a0 \u00a0 \u00a0HIPEC in other pathologies: bigrenap data<\/li><li><span style=\"color: #000000;\"><strong>17:20 to 17:40<\/strong><\/span>\u00a0 \u00a0 \u00a0Video on carcinomatosis: cytoreduction and HIPEC<\/li><li><span style=\"color: #000000;\"><strong>17:40 to 18:00<\/strong><\/span>\u00a0 \u00a0 \u00a0Intraperitoneal chemotherapy regimens: future perspectives!<\/li><li><span style=\"color: #000000;\"><strong>18:00\u00a0<\/strong><\/span> \u00a0 \u00a0 \u00a0 \u00a0 \u00a0 \u00a0 \u00a0 \u00a0 \u00a0 \u00a0 Closing<\/li><\/ul><\/div>\n\t\t\t\t\t\t\t<\/div>\n\t\t<\/div>\n\t\t\t\t\t\t<\/div>\n\t\t\t\t<\/div>\n\t\t\t\t\t<\/div>\n\t\t<\/div>\n\t\t\t\t\t<\/div>\n\t\t<\/section>\n\t\t\t\t<section class=\"elementor-section elementor-top-section elementor-element elementor-element-beb07e6 elementor-section-boxed elementor-section-height-default elementor-section-height-default\" data-id=\"beb07e6\" data-element_type=\"section\" data-e-type=\"section\">\n\t\t\t\t\t\t<div class=\"elementor-container elementor-column-gap-default\">\n\t\t\t\t\t<div class=\"elementor-column elementor-col-100 elementor-top-column elementor-element elementor-element-5e16162\" data-id=\"5e16162\" data-element_type=\"column\" data-e-type=\"column\">\n\t\t\t<div class=\"elementor-widget-wrap\">\n\t\t\t\t\t\t\t<\/div>\n\t\t<\/div>\n\t\t\t\t\t<\/div>\n\t\t<\/section>\n\t\t\t\t<\/div>","protected":false},"excerpt":{"rendered":"<p>Programa\u00e7\u00e3o AUDIT\u00d3RIO PRINCIPAL SALA SECUND\u00c1RIA 30 de outubro 31 de outubro 1\u00ba de novembro 30 de outubro SESS\u00c3O: BASES TE\u00d3RICAS DO TRATAMENTO DAS CARCINOMATOSES PERITONEAIS 13:40<span class=\"excerpt-hellip\"> [\u2026]<\/span><\/p>\n","protected":false},"author":1,"featured_media":0,"parent":0,"menu_order":0,"comment_status":"closed","ping_status":"closed","template":"","meta":{"footnotes":""},"class_list":["post-101","page","type-page","status-publish","hentry"],"_links":{"self":[{"href":"https:\/\/latinoamericanoperitoneal.santacasa.org.br\/en\/wp-json\/wp\/v2\/pages\/101","targetHints":{"allow":["GET"]}}],"collection":[{"href":"https:\/\/latinoamericanoperitoneal.santacasa.org.br\/en\/wp-json\/wp\/v2\/pages"}],"about":[{"href":"https:\/\/latinoamericanoperitoneal.santacasa.org.br\/en\/wp-json\/wp\/v2\/types\/page"}],"author":[{"embeddable":true,"href":"https:\/\/latinoamericanoperitoneal.santacasa.org.br\/en\/wp-json\/wp\/v2\/users\/1"}],"replies":[{"embeddable":true,"href":"https:\/\/latinoamericanoperitoneal.santacasa.org.br\/en\/wp-json\/wp\/v2\/comments?post=101"}],"version-history":[{"count":154,"href":"https:\/\/latinoamericanoperitoneal.santacasa.org.br\/en\/wp-json\/wp\/v2\/pages\/101\/revisions"}],"predecessor-version":[{"id":1249,"href":"https:\/\/latinoamericanoperitoneal.santacasa.org.br\/en\/wp-json\/wp\/v2\/pages\/101\/revisions\/1249"}],"wp:attachment":[{"href":"https:\/\/latinoamericanoperitoneal.santacasa.org.br\/en\/wp-json\/wp\/v2\/media?parent=101"}],"curies":[{"name":"wp","href":"https:\/\/api.w.org\/{rel}","templated":true}]}}